{"id":2680,"date":"2025-02-27T10:23:44","date_gmt":"2025-02-27T10:23:44","guid":{"rendered":"https:\/\/www.rfbelgium.be\/?page_id=2680"},"modified":"2025-02-27T11:18:37","modified_gmt":"2025-02-27T11:18:37","slug":"lechangeur-en-diamant","status":"publish","type":"page","link":"https:\/\/www.rfbelgium.be\/fr\/lechangeur-en-diamant\/","title":{"rendered":"L&rsquo;Echangeur en Diamant"},"content":{"rendered":"<div class=\"fusion-fullwidth fullwidth-box fusion-builder-row-1 fusion-flex-container nonhundred-percent-fullwidth non-hundred-percent-height-scrolling\" style=\"--awb-border-radius-top-left:0px;--awb-border-radius-top-right:0px;--awb-border-radius-bottom-right:0px;--awb-border-radius-bottom-left:0px;--awb-flex-wrap:wrap;\" ><div class=\"fusion-builder-row fusion-row fusion-flex-align-items-flex-start fusion-flex-content-wrap\" style=\"max-width:1289.6px;margin-left: calc(-4% \/ 2 );margin-right: calc(-4% \/ 2 );\"><div class=\"fusion-layout-column fusion_builder_column fusion-builder-column-0 fusion_builder_column_1_1 1_1 fusion-flex-column\" style=\"--awb-bg-size:cover;--awb-width-large:100%;--awb-margin-top-large:0px;--awb-spacing-right-large:1.92%;--awb-margin-bottom-large:0px;--awb-spacing-left-large:1.92%;--awb-width-medium:100%;--awb-spacing-right-medium:1.92%;--awb-spacing-left-medium:1.92%;--awb-width-small:100%;--awb-spacing-right-small:1.92%;--awb-spacing-left-small:1.92%;\"><div class=\"fusion-column-wrapper fusion-flex-justify-content-flex-start fusion-content-layout-column\"><div class=\"fusion-text fusion-text-1\"><p><img decoding=\"async\" class=\"lazyload  wp-image-2681 aligncenter\" src=\"https:\/\/www.rfbelgium.be\/wp-content\/uploads\/2025\/02\/MontSaintGuibert-Invitation-1024x365.jpg\" data-orig-src=\"https:\/\/www.rfbelgium.be\/wp-content\/uploads\/2025\/02\/MontSaintGuibert-Invitation-1024x365.jpg\" alt=\"\" width=\"1142\" height=\"407\" srcset=\"data:image\/svg+xml,%3Csvg%20xmlns%3D%27http%3A%2F%2Fwww.w3.org%2F2000%2Fsvg%27%20width%3D%271142%27%20height%3D%27407%27%20viewBox%3D%270%200%201142%20407%27%3E%3Crect%20width%3D%271142%27%20height%3D%27407%27%20fill-opacity%3D%220%22%2F%3E%3C%2Fsvg%3E\" data-srcset=\"https:\/\/www.rfbelgium.be\/wp-content\/uploads\/2025\/02\/MontSaintGuibert-Invitation-200x71.jpg 200w, https:\/\/www.rfbelgium.be\/wp-content\/uploads\/2025\/02\/MontSaintGuibert-Invitation-300x107.jpg 300w, https:\/\/www.rfbelgium.be\/wp-content\/uploads\/2025\/02\/MontSaintGuibert-Invitation-400x143.jpg 400w, https:\/\/www.rfbelgium.be\/wp-content\/uploads\/2025\/02\/MontSaintGuibert-Invitation-600x214.jpg 600w, https:\/\/www.rfbelgium.be\/wp-content\/uploads\/2025\/02\/MontSaintGuibert-Invitation-768x274.jpg 768w, https:\/\/www.rfbelgium.be\/wp-content\/uploads\/2025\/02\/MontSaintGuibert-Invitation-800x285.jpg 800w, https:\/\/www.rfbelgium.be\/wp-content\/uploads\/2025\/02\/MontSaintGuibert-Invitation-1024x365.jpg 1024w, https:\/\/www.rfbelgium.be\/wp-content\/uploads\/2025\/02\/MontSaintGuibert-Invitation-1200x428.jpg 1200w, https:\/\/www.rfbelgium.be\/wp-content\/uploads\/2025\/02\/MontSaintGuibert-Invitation.jpg 1288w\" data-sizes=\"auto\" data-orig-sizes=\"(max-width: 1142px) 100vw, 1142px\" \/><\/p>\n<p><strong>Le 16 octobre 2024 la Road Federation Belgium a organis\u00e9 une visite technique et webinaire (int\u00e9gralement en fran\u00e7ais)<\/strong><\/p>\n<p><img decoding=\"async\" class=\"lazyload wp-image-2688 aligncenter\" src=\"https:\/\/www.rfbelgium.be\/wp-content\/uploads\/2025\/02\/Sponsors-Mont-Saint-Guibert.jpg\" data-orig-src=\"https:\/\/www.rfbelgium.be\/wp-content\/uploads\/2025\/02\/Sponsors-Mont-Saint-Guibert.jpg\" alt=\"\" width=\"745\" height=\"214\" srcset=\"data:image\/svg+xml,%3Csvg%20xmlns%3D%27http%3A%2F%2Fwww.w3.org%2F2000%2Fsvg%27%20width%3D%27745%27%20height%3D%27214%27%20viewBox%3D%270%200%20745%20214%27%3E%3Crect%20width%3D%27745%27%20height%3D%27214%27%20fill-opacity%3D%220%22%2F%3E%3C%2Fsvg%3E\" data-srcset=\"https:\/\/www.rfbelgium.be\/wp-content\/uploads\/2025\/02\/Sponsors-Mont-Saint-Guibert-200x57.jpg 200w, https:\/\/www.rfbelgium.be\/wp-content\/uploads\/2025\/02\/Sponsors-Mont-Saint-Guibert-300x86.jpg 300w, https:\/\/www.rfbelgium.be\/wp-content\/uploads\/2025\/02\/Sponsors-Mont-Saint-Guibert-400x115.jpg 400w, https:\/\/www.rfbelgium.be\/wp-content\/uploads\/2025\/02\/Sponsors-Mont-Saint-Guibert-600x172.jpg 600w, https:\/\/www.rfbelgium.be\/wp-content\/uploads\/2025\/02\/Sponsors-Mont-Saint-Guibert.jpg 696w\" data-sizes=\"auto\" data-orig-sizes=\"(max-width: 745px) 100vw, 745px\" \/><\/p>\n<\/p>\n<p>Le chantier vise \u00e0 remplacer l\u2019actuel rond-point de Corroy-le-Grand (N4-N25) par un carrefour en diamant qui permettra une meilleure int\u00e9gration des diff\u00e9rents flux. Ce type d\u2019am\u00e9nagement facilitera la connexion de la N4 aux axes structurants (E411\/A4 et N25). Il comprendra 1 double tr\u00e9mie sous les voies de la N4 et un syst\u00e8me de feux en surface.<\/p>\n<p>Le concept d&rsquo; \u00ab Echangeur en Diamant \u00bb est originaire des \u00c9tats-Unis : <a href=\"https:\/\/en.wikipedia.org\/wiki\/Diamond_interchange\">Wikipedia : Diamond Interchange<\/a><\/p>\n<p><strong>PROGRAMME<\/strong><strong> :<\/strong><\/p>\n<ul>\n<li><strong>Accueil<\/strong> \u00e0 10:30 au <strong>Monnet Innovation Center<\/strong> \u2013 Parc Scientifique de Louvain-La-Neuve<\/li>\n<li><strong>Pr\u00e9sentations\/Webinaire<\/strong> de 11:00 \u00e0 12:00\n<ul>\n<li style=\"list-style-type: none;\">\n<ul>\n<li>Introduction par la Road Federation Belgium<\/li>\n<li>Jean-Luc GOSSELIN, Directeur g\u00e9n\u00e9ral de la SOFICO : l\u2019historique<\/li>\n<li>David KSENICZ (SPW): les objectifs, les phases, les plans de circulation<\/li>\n<li>Jean-Philippe PECQUET (SBE): le r\u00f4le du bureau d\u2019\u00e9tude<strong><img decoding=\"async\" class=\"lazyload alignright wp-image-2702\" style=\"font-weight: 400;\" src=\"https:\/\/www.rfbelgium.be\/wp-content\/uploads\/2025\/02\/Montsaintguibert-webinar.png\" data-orig-src=\"https:\/\/www.rfbelgium.be\/wp-content\/uploads\/2025\/02\/Montsaintguibert-webinar.png\" alt=\"\" width=\"613\" height=\"330\" srcset=\"data:image\/svg+xml,%3Csvg%20xmlns%3D%27http%3A%2F%2Fwww.w3.org%2F2000%2Fsvg%27%20width%3D%27613%27%20height%3D%27330%27%20viewBox%3D%270%200%20613%20330%27%3E%3Crect%20width%3D%27613%27%20height%3D%27330%27%20fill-opacity%3D%220%22%2F%3E%3C%2Fsvg%3E\" data-srcset=\"https:\/\/www.rfbelgium.be\/wp-content\/uploads\/2025\/02\/Montsaintguibert-webinar-200x108.png 200w, https:\/\/www.rfbelgium.be\/wp-content\/uploads\/2025\/02\/Montsaintguibert-webinar-300x162.png 300w, https:\/\/www.rfbelgium.be\/wp-content\/uploads\/2025\/02\/Montsaintguibert-webinar-400x216.png 400w, https:\/\/www.rfbelgium.be\/wp-content\/uploads\/2025\/02\/Montsaintguibert-webinar-600x323.png 600w, https:\/\/www.rfbelgium.be\/wp-content\/uploads\/2025\/02\/Montsaintguibert-webinar-768x414.png 768w, https:\/\/www.rfbelgium.be\/wp-content\/uploads\/2025\/02\/Montsaintguibert-webinar-800x431.png 800w, https:\/\/www.rfbelgium.be\/wp-content\/uploads\/2025\/02\/Montsaintguibert-webinar.png 822w\" data-sizes=\"auto\" data-orig-sizes=\"(max-width: 613px) 100vw, 613px\" \/><\/strong><\/li>\n<\/ul>\n<\/li>\n<\/ul>\n<p><strong> <\/strong><\/p>\n<\/li>\n<li>Lunch<\/li>\n<li><strong>Visite technique <\/strong>sur le chantier : d\u00e9part vers <strong>Mont-Saint-Guibert<\/strong> (bus) \u00e0 13:00\n<ul>\n<li>Filip COVEMAEKER (TRBA): l\u2019approche de l\u2019entrepreneur<\/li>\n<\/ul>\n<\/li>\n<li>Le retour vers Monnet Innovation Center &#8211; fin du programme vers 16:00<\/li>\n<\/ul>\n<p>Les pr\u00e9sentations du webinaire sont disponible:<\/p>\n<p><a href=\"https:\/\/www.rfbelgium.be\/wp-content\/uploads\/2025\/02\/presentations-SOFICO-SPW-SBE-Mont-Saint-Guibert-20241016.pdf\">presentations SOFICO &#8211; SPW &#8211; SBE &#8211; Mont Saint Guibert 20241016<\/a><\/p>\n<p>Plus d&rsquo;information: <a href=\"https:\/\/sofico.org\/app\/uploads\/2024\/04\/240418-n4n25e411-echangeur-diamant-phase2-cp.pdf\">SOFICO &#8211; L&rsquo;Echangeur en Diamant<\/a><\/p>\n<p><img decoding=\"async\" class=\"lazyload size-large wp-image-2694 aligncenter\" src=\"https:\/\/www.rfbelgium.be\/wp-content\/uploads\/2025\/02\/Collage-Mont-Saint-Guibert-visite-1024x576.jpg\" data-orig-src=\"https:\/\/www.rfbelgium.be\/wp-content\/uploads\/2025\/02\/Collage-Mont-Saint-Guibert-visite-1024x576.jpg\" alt=\"\" width=\"1024\" height=\"576\" srcset=\"data:image\/svg+xml,%3Csvg%20xmlns%3D%27http%3A%2F%2Fwww.w3.org%2F2000%2Fsvg%27%20width%3D%271024%27%20height%3D%27576%27%20viewBox%3D%270%200%201024%20576%27%3E%3Crect%20width%3D%271024%27%20height%3D%27576%27%20fill-opacity%3D%220%22%2F%3E%3C%2Fsvg%3E\" data-srcset=\"https:\/\/www.rfbelgium.be\/wp-content\/uploads\/2025\/02\/Collage-Mont-Saint-Guibert-visite-200x113.jpg 200w, https:\/\/www.rfbelgium.be\/wp-content\/uploads\/2025\/02\/Collage-Mont-Saint-Guibert-visite-300x169.jpg 300w, https:\/\/www.rfbelgium.be\/wp-content\/uploads\/2025\/02\/Collage-Mont-Saint-Guibert-visite-400x225.jpg 400w, https:\/\/www.rfbelgium.be\/wp-content\/uploads\/2025\/02\/Collage-Mont-Saint-Guibert-visite-600x338.jpg 600w, https:\/\/www.rfbelgium.be\/wp-content\/uploads\/2025\/02\/Collage-Mont-Saint-Guibert-visite-768x432.jpg 768w, https:\/\/www.rfbelgium.be\/wp-content\/uploads\/2025\/02\/Collage-Mont-Saint-Guibert-visite-800x450.jpg 800w, https:\/\/www.rfbelgium.be\/wp-content\/uploads\/2025\/02\/Collage-Mont-Saint-Guibert-visite-1024x576.jpg 1024w, https:\/\/www.rfbelgium.be\/wp-content\/uploads\/2025\/02\/Collage-Mont-Saint-Guibert-visite-1200x675.jpg 1200w, https:\/\/www.rfbelgium.be\/wp-content\/uploads\/2025\/02\/Collage-Mont-Saint-Guibert-visite.jpg 1280w\" data-sizes=\"auto\" data-orig-sizes=\"(max-width: 1024px) 100vw, 1024px\" \/><\/p><\/p>\n<\/div><\/div><\/div><\/div><\/div>\n","protected":false},"excerpt":{"rendered":"","protected":false},"author":11,"featured_media":0,"parent":0,"menu_order":0,"comment_status":"closed","ping_status":"closed","template":"","meta":{"footnotes":""},"class_list":["post-2680","page","type-page","status-publish","hentry"],"_links":{"self":[{"href":"https:\/\/www.rfbelgium.be\/fr\/wp-json\/wp\/v2\/pages\/2680","targetHints":{"allow":["GET"]}}],"collection":[{"href":"https:\/\/www.rfbelgium.be\/fr\/wp-json\/wp\/v2\/pages"}],"about":[{"href":"https:\/\/www.rfbelgium.be\/fr\/wp-json\/wp\/v2\/types\/page"}],"author":[{"embeddable":true,"href":"https:\/\/www.rfbelgium.be\/fr\/wp-json\/wp\/v2\/users\/11"}],"replies":[{"embeddable":true,"href":"https:\/\/www.rfbelgium.be\/fr\/wp-json\/wp\/v2\/comments?post=2680"}],"version-history":[{"count":0,"href":"https:\/\/www.rfbelgium.be\/fr\/wp-json\/wp\/v2\/pages\/2680\/revisions"}],"wp:attachment":[{"href":"https:\/\/www.rfbelgium.be\/fr\/wp-json\/wp\/v2\/media?parent=2680"}],"curies":[{"name":"wp","href":"https:\/\/api.w.org\/{rel}","templated":true}]}}