{"id":2457,"date":"2024-12-30T15:02:00","date_gmt":"2024-12-30T15:02:00","guid":{"rendered":"https:\/\/www.rfbelgium.be\/?page_id=2457"},"modified":"2025-02-25T10:58:58","modified_gmt":"2025-02-25T10:58:58","slug":"your-roads-tomorrow-2025","status":"publish","type":"page","link":"https:\/\/www.rfbelgium.be\/fr\/your-roads-tomorrow-2025\/","title":{"rendered":"YOUR ROADS TOMORROW 2025"},"content":{"rendered":"<div class=\"fusion-fullwidth fullwidth-box fusion-builder-row-1 fusion-flex-container nonhundred-percent-fullwidth non-hundred-percent-height-scrolling\" style=\"--awb-border-radius-top-left:0px;--awb-border-radius-top-right:0px;--awb-border-radius-bottom-right:0px;--awb-border-radius-bottom-left:0px;--awb-flex-wrap:wrap;\" ><div class=\"fusion-builder-row fusion-row fusion-flex-align-items-flex-start fusion-flex-content-wrap\" style=\"max-width:1289.6px;margin-left: calc(-4% \/ 2 );margin-right: calc(-4% \/ 2 );\"><div class=\"fusion-layout-column fusion_builder_column fusion-builder-column-0 fusion_builder_column_1_1 1_1 fusion-flex-column\" style=\"--awb-bg-size:cover;--awb-width-large:100%;--awb-margin-top-large:0px;--awb-spacing-right-large:1.92%;--awb-margin-bottom-large:0px;--awb-spacing-left-large:1.92%;--awb-width-medium:100%;--awb-spacing-right-medium:1.92%;--awb-spacing-left-medium:1.92%;--awb-width-small:100%;--awb-spacing-right-small:1.92%;--awb-spacing-left-small:1.92%;\"><div class=\"fusion-column-wrapper fusion-flex-justify-content-flex-start fusion-content-layout-column\"><div class=\"fusion-title title fusion-title-1 fusion-title-center fusion-title-text fusion-title-size-one\" style=\"--awb-margin-top-small:0px;--awb-margin-right-small:0px;--awb-margin-bottom-small:20px;--awb-margin-left-small:0px;\"><div class=\"title-sep-container title-sep-container-left\"><div class=\"title-sep sep- sep-solid\" style=\"border-color:#eaeaea;\"><\/div><\/div><span class=\"awb-title-spacer\"><\/span><h1 class=\"fusion-title-heading title-heading-center fusion-responsive-typography-calculated\" style=\"margin:0;--fontSize:60;line-height:1.2;\">Your Roads Tomorrow 2025<\/h1><span class=\"awb-title-spacer\"><\/span><div class=\"title-sep-container title-sep-container-right\"><div class=\"title-sep sep- sep-solid\" style=\"border-color:#eaeaea;\"><\/div><\/div><\/div><div class=\"fusion-image-element \" style=\"text-align:center;--awb-caption-title-font-family:var(--h2_typography-font-family);--awb-caption-title-font-weight:var(--h2_typography-font-weight);--awb-caption-title-font-style:var(--h2_typography-font-style);--awb-caption-title-size:var(--h2_typography-font-size);--awb-caption-title-transform:var(--h2_typography-text-transform);--awb-caption-title-line-height:var(--h2_typography-line-height);--awb-caption-title-letter-spacing:var(--h2_typography-letter-spacing);\"><span class=\" fusion-imageframe imageframe-none imageframe-1 hover-type-none\"><img decoding=\"async\" width=\"1024\" height=\"576\" title=\"Collage YRTm fotos\" src=\"https:\/\/www.rfbelgium.be\/wp-content\/uploads\/2025\/02\/Collage-YRTm-fotos.jpg\" data-orig-src=\"https:\/\/www.rfbelgium.be\/wp-content\/uploads\/2025\/02\/Collage-YRTm-fotos-1024x576.jpg\" alt class=\"lazyload img-responsive wp-image-2545\" srcset=\"data:image\/svg+xml,%3Csvg%20xmlns%3D%27http%3A%2F%2Fwww.w3.org%2F2000%2Fsvg%27%20width%3D%271280%27%20height%3D%27720%27%20viewBox%3D%270%200%201280%20720%27%3E%3Crect%20width%3D%271280%27%20height%3D%27720%27%20fill-opacity%3D%220%22%2F%3E%3C%2Fsvg%3E\" data-srcset=\"https:\/\/www.rfbelgium.be\/wp-content\/uploads\/2025\/02\/Collage-YRTm-fotos-200x113.jpg 200w, https:\/\/www.rfbelgium.be\/wp-content\/uploads\/2025\/02\/Collage-YRTm-fotos-400x225.jpg 400w, https:\/\/www.rfbelgium.be\/wp-content\/uploads\/2025\/02\/Collage-YRTm-fotos-600x338.jpg 600w, https:\/\/www.rfbelgium.be\/wp-content\/uploads\/2025\/02\/Collage-YRTm-fotos-800x450.jpg 800w, https:\/\/www.rfbelgium.be\/wp-content\/uploads\/2025\/02\/Collage-YRTm-fotos-1200x675.jpg 1200w, https:\/\/www.rfbelgium.be\/wp-content\/uploads\/2025\/02\/Collage-YRTm-fotos.jpg 1280w\" data-sizes=\"auto\" data-orig-sizes=\"(max-width: 1024px) 100vw, (max-width: 640px) 100vw, 1024px\" \/><\/span><\/div><div class=\"fusion-text fusion-text-1\"><h6>Le programme:<\/h6>\n<p>Chers orateurs et sympathisants, nous vous remercions d&rsquo;avoir \u00e9galement fait de notre \u00e9v\u00e9nement \u00ab\u00a0Your Roads Tomorrow\u00a0\u00bb un succ\u00e8s en 2025.<\/p>\n<p>Nos remerciements particuliers vont \u00e0 Joost Kaesemans du Touring Club Belgium, qui s&rsquo;est distingu\u00e9 en tant que mod\u00e9rateur exp\u00e9riment\u00e9.<\/p>\n<p>Vous trouverez ci-dessous les pr\u00e9sentations:<\/p>\n<p>1. Introduction &#8211; Zones de travail s\u00e9curis\u00e9es sur la route.<\/p>\n<p><a href=\"https:\/\/www.rfbelgium.be\/wp-content\/uploads\/2025\/02\/1.-Intro-Workzone-Safety-Rik-YRTm-2025-FR-2.pdf\">1. Intro &#8211; Workzone Safety &#8211; Rik &#8211; YRTm 2025 FR<\/a><\/p>\n<p>2. Dries Vanloo &#8211; Stuer-Egghe<\/p>\n<p><a href=\"https:\/\/www.rfbelgium.be\/wp-content\/uploads\/2025\/02\/2.-Dries-Stuer-Egghe-YRTm-2025-FR-1.pdf\">2. Dries &#8211; Stuer-Egghe &#8211; YRTm 2025 FR<\/a><\/p>\n<p>3. Jean-Fran\u00e7ois Coppieters &#8211; Macq<\/p>\n<p><a href=\"https:\/\/www.rfbelgium.be\/wp-content\/uploads\/2025\/02\/3.-Jean-Francois-Macq-YRTm-2025-FR.pdf\">3. Jean-Fran\u00e7ois &#8211; Macq &#8211; YRTm 2025 FR<\/a><\/p>\n<p>4\u00a0 Tom Roelants &#8211; Ministerie Openbare Werken MOW<\/p>\n<p><a href=\"https:\/\/www.rfbelgium.be\/wp-content\/uploads\/2025\/02\/4.-Tom-MOW-Durabilite-YRTm-2025-FR.pdf\">4. Tom MOW &#8211; Durabilit\u00e9 &#8211; YRTm 2025 FR<\/a><\/p>\n<p>5. Militza Zamurovic &#8211; Service Public de Wallonie &#8211; SPW Mobilit\u00e9 et Infrastructure<\/p>\n<p><a href=\"https:\/\/www.rfbelgium.be\/wp-content\/uploads\/2025\/02\/5.-Militza-SPW-Durabilite-YRTm-2025-FR.pdf\">5. Militza SPW Durabilit\u00e9 YRTm 2025 FR<\/a><\/p>\n<p>6. Ilse Wuyts &#8211; Bruxelles Mobilit\u00e9\u00a0 \u00a0SPRB<\/p>\n<p><a href=\"https:\/\/www.rfbelgium.be\/wp-content\/uploads\/2025\/02\/6.-Ilse-BruxMob-Durabilite-YRTm-2025-FR.pdf\">6. Ilse &#8211; BruxMob &#8211; Durabilit\u00e9 &#8211; YRTm 2025 FR<\/a><\/p>\n<p>7. Laure De Cock et Lore Goetschalckx &#8211; IMEC<\/p>\n<p><a href=\"https:\/\/www.rfbelgium.be\/wp-content\/uploads\/2025\/02\/7.-Laure-Lore-IMEC-Intelligence-Artificielle-YRTm-2025-FR.pdf\">7. Laure + Lore -IMEC &#8211; Intelligence Artifici\u00e8lle &#8211; YRTm 2025 FR<\/a><\/p>\n<p>8. Kathy Vandenmeersschaut &#8211; Agentschap Wegen en Verkeer &#8211; AWV<\/p>\n<p><a href=\"https:\/\/www.rfbelgium.be\/wp-content\/uploads\/2025\/02\/8.-Kathy-AWV-Priorites-pour-lAvenir-YRTm-2025-FR.pdf\">8. Kathy AWV &#8211; Priorit\u00e9s pour l&rsquo;Avenir &#8211; YRTm 2025 &#8211; FR<\/a><\/p>\n<p><a href=\"https:\/\/www.youtube.com\/watch?v=n9RtClybXFk\" target=\"_blank\" rel=\"noopener\">Corporate Video Agentschap Wegen en Verkeer<\/a><\/p>\n<p>9. Etienne Willame &#8211; Service Public de Wallonie &#8211; SPW Mobilit\u00e9 et Infrastructure<\/p>\n<p>(pas pr\u00e9sent\u00e9e &#8211; panel) <a href=\"https:\/\/www.rfbelgium.be\/wp-content\/uploads\/2025\/02\/9.-Etienne-SPW-MI-Priorites-YRTm-2025-FR.pdf\">9. Etienne SPW MI &#8211; Priorit\u00e9s &#8211; YRTm 2025 FR<\/a><\/p>\n<p>10. Christophe VanOerbeek &#8211; Bruxelles Mobilit\u00e9\u00a0 SPRB<\/p>\n<p>(panel)<\/p>\n<\/div><div class=\"fusion-image-element \" style=\"--awb-caption-title-font-family:var(--h2_typography-font-family);--awb-caption-title-font-weight:var(--h2_typography-font-weight);--awb-caption-title-font-style:var(--h2_typography-font-style);--awb-caption-title-size:var(--h2_typography-font-size);--awb-caption-title-transform:var(--h2_typography-text-transform);--awb-caption-title-line-height:var(--h2_typography-line-height);--awb-caption-title-letter-spacing:var(--h2_typography-letter-spacing);\"><span class=\" fusion-imageframe imageframe-none imageframe-2 hover-type-none\"><img decoding=\"async\" width=\"1024\" height=\"282\" title=\"Sponsors FR\" src=\"https:\/\/www.rfbelgium.be\/wp-content\/uploads\/2025\/02\/Sponsors-FR.png\" data-orig-src=\"https:\/\/www.rfbelgium.be\/wp-content\/uploads\/2025\/02\/Sponsors-FR-1024x282.png\" alt class=\"lazyload img-responsive wp-image-2604\" srcset=\"data:image\/svg+xml,%3Csvg%20xmlns%3D%27http%3A%2F%2Fwww.w3.org%2F2000%2Fsvg%27%20width%3D%271113%27%20height%3D%27307%27%20viewBox%3D%270%200%201113%20307%27%3E%3Crect%20width%3D%271113%27%20height%3D%27307%27%20fill-opacity%3D%220%22%2F%3E%3C%2Fsvg%3E\" data-srcset=\"https:\/\/www.rfbelgium.be\/wp-content\/uploads\/2025\/02\/Sponsors-FR-200x55.png 200w, https:\/\/www.rfbelgium.be\/wp-content\/uploads\/2025\/02\/Sponsors-FR-400x110.png 400w, https:\/\/www.rfbelgium.be\/wp-content\/uploads\/2025\/02\/Sponsors-FR-600x165.png 600w, https:\/\/www.rfbelgium.be\/wp-content\/uploads\/2025\/02\/Sponsors-FR-800x221.png 800w, https:\/\/www.rfbelgium.be\/wp-content\/uploads\/2025\/02\/Sponsors-FR.png 1113w\" data-sizes=\"auto\" data-orig-sizes=\"(max-width: 1024px) 100vw, (max-width: 640px) 100vw, 1024px\" \/><\/span><\/div><\/div><\/div><\/div><\/div>\n","protected":false},"excerpt":{"rendered":"","protected":false},"author":11,"featured_media":0,"parent":0,"menu_order":0,"comment_status":"closed","ping_status":"closed","template":"","meta":{"footnotes":""},"class_list":["post-2457","page","type-page","status-publish","hentry"],"_links":{"self":[{"href":"https:\/\/www.rfbelgium.be\/fr\/wp-json\/wp\/v2\/pages\/2457","targetHints":{"allow":["GET"]}}],"collection":[{"href":"https:\/\/www.rfbelgium.be\/fr\/wp-json\/wp\/v2\/pages"}],"about":[{"href":"https:\/\/www.rfbelgium.be\/fr\/wp-json\/wp\/v2\/types\/page"}],"author":[{"embeddable":true,"href":"https:\/\/www.rfbelgium.be\/fr\/wp-json\/wp\/v2\/users\/11"}],"replies":[{"embeddable":true,"href":"https:\/\/www.rfbelgium.be\/fr\/wp-json\/wp\/v2\/comments?post=2457"}],"version-history":[{"count":0,"href":"https:\/\/www.rfbelgium.be\/fr\/wp-json\/wp\/v2\/pages\/2457\/revisions"}],"wp:attachment":[{"href":"https:\/\/www.rfbelgium.be\/fr\/wp-json\/wp\/v2\/media?parent=2457"}],"curies":[{"name":"wp","href":"https:\/\/api.w.org\/{rel}","templated":true}]}}